{"id":134881,"date":"2022-01-04T09:30:56","date_gmt":"2022-01-04T06:30:56","guid":{"rendered":"https:\/\/im-diamond.com\/about-us\/"},"modified":"2022-07-15T17:57:33","modified_gmt":"2022-07-15T14:57:33","slug":"about-us","status":"publish","type":"page","link":"https:\/\/im-diamond.com\/en\/about-us\/","title":{"rendered":"About Us"},"content":{"rendered":"\n<div id=\"wp-block-themeisle-blocks-advanced-columns-6f3e8634\" class=\"wp-block-themeisle-blocks-advanced-columns has-2-columns has-desktop-equal-layout has-tablet-equal-layout has-mobile-collapsedRows-layout has-vertical-unset has-default-gap\"><div class=\"wp-block-themeisle-blocks-advanced-columns-overlay\"><\/div><div class=\"innerblocks-wrap\">\n<div id=\"wp-block-themeisle-blocks-advanced-column-80301974\" class=\"wp-block-themeisle-blocks-advanced-column\">\n<h4 class=\"wp-block-heading\"><mark style=\"background-color:rgba(0, 0, 0, 0)\" class=\"has-inline-color has-nv-dark-bg-color\">I&#8217;m Diamond<\/mark><\/h4>\n\n\n\n<p class=\"has-neve-text-color-color has-text-color\"><meta charset=\"utf-8\"\/>Opened in 2014, I&#8217;m Diamond is B\u00fc\u015fra M\u00fccevherat&#8217;s second brand after B\u00fc\u015fra P\u0131rlanta and operates in Wedding World with <a href=\"https:\/\/www.instagram.com\/outlet.pirlanta.imdiamond\/\">I&#8217;m Diamond store<\/a> , <a href=\"https:\/\/www.im-diamond.com\/\">website<\/a> and <a href=\"https:\/\/www.instagram.com\/outlet.pirlanta.imdiamond\/\" target=\"_blank\" rel=\"noreferrer noopener\">outlet Instagram account<\/a> . <\/p>\n\n\n\n<p class=\"has-neve-text-color-color has-text-color\"><strong><span class=\"has-inline-color has-nv-c-2-color\">I&#8217;m Diamond<\/span><\/strong> brand focuses on classical models and also outlet diamond products for international users whilst B\u00fc\u015fra P\u0131rlanta is a boutique and 2nd hand focused brand for the Turkish market. <\/p>\n\n\n\n<figure class=\"wp-block-image size-large\"><img loading=\"lazy\" decoding=\"async\" width=\"994\" height=\"1024\" src=\"https:\/\/im-diamond.com\/wp-content\/uploads\/sites\/2\/2021\/09\/im-diamond-eylul-banner-1-994x1024.jpg\" alt=\"\" class=\"wp-image-115828\" srcset=\"https:\/\/im-diamond.com\/wp-content\/uploads\/sites\/2\/2021\/09\/im-diamond-eylul-banner-1-994x1024.jpg 994w, https:\/\/im-diamond.com\/wp-content\/uploads\/sites\/2\/2021\/09\/im-diamond-eylul-banner-1-600x618.jpg 600w, https:\/\/im-diamond.com\/wp-content\/uploads\/sites\/2\/2021\/09\/im-diamond-eylul-banner-1-64x66.jpg 64w, https:\/\/im-diamond.com\/wp-content\/uploads\/sites\/2\/2021\/09\/im-diamond-eylul-banner-1-291x300.jpg 291w, https:\/\/im-diamond.com\/wp-content\/uploads\/sites\/2\/2021\/09\/im-diamond-eylul-banner-1-768x791.jpg 768w, https:\/\/im-diamond.com\/wp-content\/uploads\/sites\/2\/2021\/09\/im-diamond-eylul-banner-1-1491x1536.jpg 1491w, https:\/\/im-diamond.com\/wp-content\/uploads\/sites\/2\/2021\/09\/im-diamond-eylul-banner-1.jpg 1716w\" sizes=\"auto, (max-width: 994px) 100vw, 994px\" \/><\/figure>\n<\/div>\n\n\n\n<div id=\"wp-block-themeisle-blocks-advanced-column-add0dba3\" class=\"wp-block-themeisle-blocks-advanced-column\">\n<figure class=\"wp-block-image size-large\"><img loading=\"lazy\" decoding=\"async\" width=\"1024\" height=\"1001\" src=\"https:\/\/im-diamond.com\/wp-content\/uploads\/sites\/2\/2021\/09\/Im-diamond-suyolubileklik-1024x1001.jpg\" alt=\"\" class=\"wp-image-115685\" srcset=\"https:\/\/im-diamond.com\/wp-content\/uploads\/sites\/2\/2021\/09\/Im-diamond-suyolubileklik-1024x1001.jpg 1024w, https:\/\/im-diamond.com\/wp-content\/uploads\/sites\/2\/2021\/09\/Im-diamond-suyolubileklik-600x586.jpg 600w, https:\/\/im-diamond.com\/wp-content\/uploads\/sites\/2\/2021\/09\/Im-diamond-suyolubileklik-scaled-64x63.jpg 64w, https:\/\/im-diamond.com\/wp-content\/uploads\/sites\/2\/2021\/09\/Im-diamond-suyolubileklik-300x293.jpg 300w, https:\/\/im-diamond.com\/wp-content\/uploads\/sites\/2\/2021\/09\/Im-diamond-suyolubileklik-768x750.jpg 768w, https:\/\/im-diamond.com\/wp-content\/uploads\/sites\/2\/2021\/09\/Im-diamond-suyolubileklik-1536x1501.jpg 1536w, https:\/\/im-diamond.com\/wp-content\/uploads\/sites\/2\/2021\/09\/Im-diamond-suyolubileklik-scaled.jpg 2048w\" sizes=\"auto, (max-width: 1024px) 100vw, 1024px\" \/><\/figure>\n\n\n\n<h4 class=\"has-neve-text-color-color has-text-color wp-block-heading\"><mark style=\"background-color:rgba(0, 0, 0, 0)\" class=\"has-inline-color has-nv-dark-bg-color\">B\u00fc\u015fra Jewelery<\/mark><\/h4>\n\n\n\n<p class=\"has-neve-text-color-color has-text-color\">As part of institutionalization efforts, B\u00fc\u015fra M\u00fccevherat Trade Company was incorporated as a parent company.   For more information you can visit <a href=\"https:\/\/busramucevherat.com\">busramucevherat.com<\/a>.<\/p>\n<\/div>\n<\/div><\/div>\n","protected":false},"excerpt":{"rendered":"","protected":false},"author":555,"featured_media":0,"parent":0,"menu_order":0,"comment_status":"closed","ping_status":"closed","template":"","meta":{"neve_meta_sidebar":"full-width","neve_meta_container":"","neve_meta_enable_content_width":"on","neve_meta_content_width":100,"neve_meta_title_alignment":"","neve_meta_author_avatar":"","neve_post_elements_order":"","neve_meta_disable_header":"","neve_meta_disable_footer":"","neve_meta_disable_title":"","neve_meta_reading_time":"","_themeisle_gutenberg_block_has_review":false,"footnotes":""},"class_list":["post-134881","page","type-page","status-publish","hentry"],"_links":{"self":[{"href":"https:\/\/im-diamond.com\/en\/wp-json\/wp\/v2\/pages\/134881","targetHints":{"allow":["GET"]}}],"collection":[{"href":"https:\/\/im-diamond.com\/en\/wp-json\/wp\/v2\/pages"}],"about":[{"href":"https:\/\/im-diamond.com\/en\/wp-json\/wp\/v2\/types\/page"}],"author":[{"embeddable":true,"href":"https:\/\/im-diamond.com\/en\/wp-json\/wp\/v2\/users\/555"}],"replies":[{"embeddable":true,"href":"https:\/\/im-diamond.com\/en\/wp-json\/wp\/v2\/comments?post=134881"}],"version-history":[{"count":0,"href":"https:\/\/im-diamond.com\/en\/wp-json\/wp\/v2\/pages\/134881\/revisions"}],"wp:attachment":[{"href":"https:\/\/im-diamond.com\/en\/wp-json\/wp\/v2\/media?parent=134881"}],"curies":[{"name":"wp","href":"https:\/\/api.w.org\/{rel}","templated":true}]}}