{"id":144498,"date":"2022-03-16T18:45:24","date_gmt":"2022-07-16T14:07:48","guid":{"rendered":"https:\/\/im-diamond.com\/product\/0-91-ct-f-g-color-diamond-five-stone-necklace\/"},"modified":"2023-09-27T15:13:07","modified_gmt":"2023-09-27T12:13:07","slug":"0-91-ct-f-g-color-diamond-five-stone-necklace","status":"publish","type":"product","link":"https:\/\/im-diamond.com\/en\/product\/0-91-ct-f-g-color-diamond-five-stone-necklace\/","title":{"rendered":"0.91 Ct F-G Color Diamond Five Stone Necklace"},"content":{"rendered":"<p>Our diamond design necklaces have been certified by I&#8217;m Diamond after detailed inspections by our diamond experts.<\/p>\n<p>You can discover diamond necklaces in various sizes and models by clicking <a href=\"https:\/\/im-diamond.com\/category\/pirlanta-kolyeler\/\">im-diamond.com<\/a> and view us on Instagram by clicking <a href=\"https:\/\/www.instagram.com\/imdiamondturkey\/\">imdiamondturkey<\/a>.<\/p>\n","protected":false},"excerpt":{"rendered":"<p>4.12 Gr, 14K, White Gold<\/p>\n<table>\n<tbody>\n<tr>\n<td width=\"101\"><strong>Gemstone<\/strong><\/td>\n<td width=\"101\"><strong>Quantity<\/strong><\/td>\n<td width=\"101\"><strong>Carat<\/strong><\/td>\n<td width=\"101\"><strong>Color<\/strong><\/td>\n<td width=\"101\"><strong>Clarity<\/strong><\/td>\n<td width=\"101\"><strong>Shape<\/strong><\/td>\n<\/tr>\n<tr>\n<td width=\"101\">Diamond<\/td>\n<td width=\"101\">  5<\/td>\n<td width=\"101\">  0.91<\/td>\n<td width=\"101\">  F-G<\/td>\n<td width=\"101\">  SI<\/td>\n<td width=\"101\">  Round<\/td>\n<\/tr>\n<\/tbody>\n<\/table>\n<p>\u00d6zel \u00fcretimlerde, p\u0131rlanta karat\u0131 ve alt\u0131n gramaj\u0131 +\\- %5 de\u011fi\u015febilir.<\/p>\n","protected":false},"featured_media":140641,"template":"","meta":{"neve_meta_sidebar":"","neve_meta_container":"","neve_meta_enable_content_width":"off","neve_meta_content_width":70,"neve_meta_title_alignment":"","neve_meta_author_avatar":"","neve_post_elements_order":"","neve_meta_disable_header":"","neve_meta_disable_footer":"","neve_meta_disable_title":"","neve_meta_reading_time":"","_themeisle_gutenberg_block_has_review":false,"wds_primary_product_brand":0,"wds_primary_product_cat":0},"product_brand":[],"product_cat":[499],"product_tag":[2656],"class_list":{"0":"post-144498","1":"product","2":"type-product","3":"status-publish","4":"has-post-thumbnail","6":"product_cat-pirlanta","7":"product_tag-bestas-en","9":"first","10":"onbackorder","11":"taxable","12":"shipping-taxable","13":"purchasable","14":"product-type-simple"},"_links":{"self":[{"href":"https:\/\/im-diamond.com\/en\/wp-json\/wp\/v2\/product\/144498","targetHints":{"allow":["GET"]}}],"collection":[{"href":"https:\/\/im-diamond.com\/en\/wp-json\/wp\/v2\/product"}],"about":[{"href":"https:\/\/im-diamond.com\/en\/wp-json\/wp\/v2\/types\/product"}],"wp:featuredmedia":[{"embeddable":true,"href":"https:\/\/im-diamond.com\/en\/wp-json\/wp\/v2\/media\/140641"}],"wp:attachment":[{"href":"https:\/\/im-diamond.com\/en\/wp-json\/wp\/v2\/media?parent=144498"}],"wp:term":[{"taxonomy":"product_brand","embeddable":true,"href":"https:\/\/im-diamond.com\/en\/wp-json\/wp\/v2\/product_brand?post=144498"},{"taxonomy":"product_cat","embeddable":true,"href":"https:\/\/im-diamond.com\/en\/wp-json\/wp\/v2\/product_cat?post=144498"},{"taxonomy":"product_tag","embeddable":true,"href":"https:\/\/im-diamond.com\/en\/wp-json\/wp\/v2\/product_tag?post=144498"}],"curies":[{"name":"wp","href":"https:\/\/api.w.org\/{rel}","templated":true}]}}