{"id":144504,"date":"2022-03-16T17:42:33","date_gmt":"2022-07-16T14:12:17","guid":{"rendered":"https:\/\/im-diamond.com\/product\/0-46-ct-d-color-diamond-tria-necklace\/"},"modified":"2023-09-27T15:13:12","modified_gmt":"2023-09-27T12:13:12","slug":"0-46-ct-d-color-diamond-tria-necklace","status":"publish","type":"product","link":"https:\/\/im-diamond.com\/en\/product\/0-46-ct-d-color-diamond-tria-necklace\/","title":{"rendered":"0.46 Ct D Color Diamond Tria Necklace"},"content":{"rendered":"<p>Our diamond design necklaces have been certified by I&#8217;m Diamond after detailed inspections by our diamond experts.<\/p>\n<p>You can discover diamond necklaces in various sizes and models by clicking <a href=\"https:\/\/im-diamond.com\/category\/pirlanta-kolyeler\/\">im-diamond.com<\/a> and view us on Instagram by clicking <a href=\"https:\/\/www.instagram.com\/imdiamondturkey\/\">imdiamondturkey<\/a>.<\/p>\n","protected":false},"excerpt":{"rendered":"<p>3.14 Gr, 18K, White Gold<\/p>\n<table>\n<tbody>\n<tr>\n<td width=\"101\"><strong>Gemstone<\/strong><\/td>\n<td width=\"101\"><strong>Quantity<\/strong><\/td>\n<td width=\"101\"><strong>Carat<\/strong><\/td>\n<td width=\"101\"><strong>Color<\/strong><\/td>\n<td width=\"101\"><strong>Clarity<\/strong><\/td>\n<td width=\"101\"><strong>Shape<\/strong><\/td>\n<\/tr>\n<tr>\n<td width=\"101\">Diamond<\/td>\n<td width=\"101\">  3<\/td>\n<td width=\"101\">0.46<\/td>\n<td width=\"101\">  D<\/td>\n<td width=\"101\">  VS1<\/td>\n<td width=\"101\">  Round<\/td>\n<\/tr>\n<\/tbody>\n<\/table>\n<p>\u00d6zel \u00fcretimlerde, p\u0131rlanta karat\u0131 ve alt\u0131n gramaj\u0131 +\\- %5 de\u011fi\u015febilir.<\/p>\n","protected":false},"featured_media":140662,"template":"","meta":{"neve_meta_sidebar":"","neve_meta_container":"","neve_meta_enable_content_width":"off","neve_meta_content_width":70,"neve_meta_title_alignment":"","neve_meta_author_avatar":"","neve_post_elements_order":"","neve_meta_disable_header":"","neve_meta_disable_footer":"","neve_meta_disable_title":"","neve_meta_reading_time":"","_themeisle_gutenberg_block_has_review":false,"wds_primary_product_brand":0,"wds_primary_product_cat":0},"product_brand":[],"product_cat":[499],"product_tag":[2465],"class_list":{"0":"post-144504","1":"product","2":"type-product","3":"status-publish","4":"has-post-thumbnail","6":"product_cat-pirlanta","7":"product_tag-tria-en","8":"pa_sertifika-laboratuvari-hrd-en","10":"first","11":"onbackorder","12":"taxable","13":"shipping-taxable","14":"purchasable","15":"product-type-simple"},"_links":{"self":[{"href":"https:\/\/im-diamond.com\/en\/wp-json\/wp\/v2\/product\/144504","targetHints":{"allow":["GET"]}}],"collection":[{"href":"https:\/\/im-diamond.com\/en\/wp-json\/wp\/v2\/product"}],"about":[{"href":"https:\/\/im-diamond.com\/en\/wp-json\/wp\/v2\/types\/product"}],"wp:featuredmedia":[{"embeddable":true,"href":"https:\/\/im-diamond.com\/en\/wp-json\/wp\/v2\/media\/140662"}],"wp:attachment":[{"href":"https:\/\/im-diamond.com\/en\/wp-json\/wp\/v2\/media?parent=144504"}],"wp:term":[{"taxonomy":"product_brand","embeddable":true,"href":"https:\/\/im-diamond.com\/en\/wp-json\/wp\/v2\/product_brand?post=144504"},{"taxonomy":"product_cat","embeddable":true,"href":"https:\/\/im-diamond.com\/en\/wp-json\/wp\/v2\/product_cat?post=144504"},{"taxonomy":"product_tag","embeddable":true,"href":"https:\/\/im-diamond.com\/en\/wp-json\/wp\/v2\/product_tag?post=144504"}],"curies":[{"name":"wp","href":"https:\/\/api.w.org\/{rel}","templated":true}]}}