{"id":144505,"date":"2022-03-16T17:33:20","date_gmt":"2022-07-16T14:13:02","guid":{"rendered":"https:\/\/im-diamond.com\/product\/1-20-ct-f-color-gia-certified-diamond-tria-necklace\/"},"modified":"2023-09-27T15:13:13","modified_gmt":"2023-09-27T12:13:13","slug":"1-20-ct-f-color-gia-certified-diamond-tria-necklace","status":"publish","type":"product","link":"https:\/\/im-diamond.com\/en\/product\/1-20-ct-f-color-gia-certified-diamond-tria-necklace\/","title":{"rendered":"1.20 Ct F Color GIA Certified Diamond Tria Necklace"},"content":{"rendered":"<p>Our diamond design necklaces have been certified by I&#8217;m Diamond after detailed inspections by our diamond experts.<\/p>\n<p>You can discover diamond necklaces in various sizes and models by clicking <a href=\"https:\/\/im-diamond.com\/category\/pirlanta-kolyeler\/\">im-diamond.com<\/a> and view us on Instagram by clicking <a href=\"https:\/\/www.instagram.com\/imdiamondturkey\/\">imdiamondturkey<\/a>.<\/p>\n","protected":false},"excerpt":{"rendered":"<p>3.62 Gr, 18K, White Gold<\/p>\n<table>\n<tbody>\n<tr>\n<td width=\"101\"><strong>Gemstone<\/strong><\/td>\n<td width=\"101\"><strong>Quantity<\/strong><\/td>\n<td width=\"101\"><strong>Carat<\/strong><\/td>\n<td width=\"101\"><strong>Color<\/strong><\/td>\n<td width=\"101\"><strong>Clarity<\/strong><\/td>\n<td width=\"101\"><strong>Shape<\/strong><\/td>\n<\/tr>\n<tr>\n<td width=\"101\">Diamond<\/td>\n<td width=\"101\">  1<\/td>\n<td width=\"101\">1.20<\/td>\n<td width=\"101\">  F<\/td>\n<td width=\"101\">  SI1<\/td>\n<td width=\"101\">  Round<\/td>\n<\/tr>\n<\/tbody>\n<\/table>\n<p>Click on <a href=\"https:\/\/www.gia.edu\/report-check?reportno=7391032030\">GIA Laboratory<\/a>, <a href=\"https:\/\/www.gia.edu\/report-check?reportno=7382439760\">GIA Laboratory<\/a> and <a href=\"https:\/\/www.gia.edu\/report-check?reportno=7378725429\">GIA Laboratory<\/a> to view the international certifications of these stones.<\/p>\n<p>\u00d6zel \u00fcretimlerde, p\u0131rlanta karat\u0131 ve alt\u0131n gramaj\u0131 +\\- %5 de\u011fi\u015febilir.<\/p>\n","protected":false},"featured_media":140666,"template":"","meta":{"neve_meta_sidebar":"","neve_meta_container":"","neve_meta_enable_content_width":"off","neve_meta_content_width":70,"neve_meta_title_alignment":"","neve_meta_author_avatar":"","neve_post_elements_order":"","neve_meta_disable_header":"","neve_meta_disable_footer":"","neve_meta_disable_title":"","neve_meta_reading_time":"","_themeisle_gutenberg_block_has_review":false,"wds_primary_product_brand":0,"wds_primary_product_cat":0},"product_brand":[],"product_cat":[499],"product_tag":[2465],"class_list":{"0":"post-144505","1":"product","2":"type-product","3":"status-publish","4":"has-post-thumbnail","6":"product_cat-pirlanta","7":"product_tag-tria-en","8":"pa_sertifika-laboratuvari-gia-en","10":"first","11":"onbackorder","12":"taxable","13":"shipping-taxable","14":"purchasable","15":"product-type-simple"},"_links":{"self":[{"href":"https:\/\/im-diamond.com\/en\/wp-json\/wp\/v2\/product\/144505","targetHints":{"allow":["GET"]}}],"collection":[{"href":"https:\/\/im-diamond.com\/en\/wp-json\/wp\/v2\/product"}],"about":[{"href":"https:\/\/im-diamond.com\/en\/wp-json\/wp\/v2\/types\/product"}],"wp:featuredmedia":[{"embeddable":true,"href":"https:\/\/im-diamond.com\/en\/wp-json\/wp\/v2\/media\/140666"}],"wp:attachment":[{"href":"https:\/\/im-diamond.com\/en\/wp-json\/wp\/v2\/media?parent=144505"}],"wp:term":[{"taxonomy":"product_brand","embeddable":true,"href":"https:\/\/im-diamond.com\/en\/wp-json\/wp\/v2\/product_brand?post=144505"},{"taxonomy":"product_cat","embeddable":true,"href":"https:\/\/im-diamond.com\/en\/wp-json\/wp\/v2\/product_cat?post=144505"},{"taxonomy":"product_tag","embeddable":true,"href":"https:\/\/im-diamond.com\/en\/wp-json\/wp\/v2\/product_tag?post=144505"}],"curies":[{"name":"wp","href":"https:\/\/api.w.org\/{rel}","templated":true}]}}