{"id":144509,"date":"2022-03-16T18:13:15","date_gmt":"2022-07-16T14:23:46","guid":{"rendered":"https:\/\/im-diamond.com\/product\/0-34-ct-e-color-gia-certified-diamond-heart-solitaire-necklace\/"},"modified":"2023-09-27T15:13:20","modified_gmt":"2023-09-27T12:13:20","slug":"0-34-ct-e-color-gia-certified-diamond-heart-solitaire-necklace","status":"publish","type":"product","link":"https:\/\/im-diamond.com\/en\/product\/0-34-ct-e-color-gia-certified-diamond-heart-solitaire-necklace\/","title":{"rendered":"0.34 Ct E Color GIA Certified Diamond Heart Solitaire Necklace"},"content":{"rendered":"<p>Our diamond solitaire necklaces are internationally GIA \/ HRD Laboratory and company certified.<\/p>\n<p>You can discover diamond solitaire necklace models in classic &amp; modern designs and various sizes by clicking <a href=\"https:\/\/im-diamond.com\/category\/pirlanta-kolyeler\/tektas-kolyeler\/\">im-diamond.com<\/a> and you can view us on Instagram by clicking <a href=\"https:\/\/www.instagram.com\/imdiamondturkey\/\">imdiamondturkey<\/a>.<\/p>\n","protected":false},"excerpt":{"rendered":"<p>1.51 Gr, 14K, White Gold<\/p>\n<table>\n<tbody>\n<tr>\n<td width=\"101\"><strong>Gemstone<\/strong><\/td>\n<td width=\"101\"><strong>Quantity<\/strong><\/td>\n<td width=\"101\"><strong>Carat<\/strong><\/td>\n<td width=\"101\"><strong>Color<\/strong><\/td>\n<td width=\"101\"><strong>Clarity<\/strong><\/td>\n<td width=\"101\"><strong>Shape<\/strong><\/td>\n<\/tr>\n<tr>\n<td width=\"101\">Diamond<\/td>\n<td width=\"101\">  1<\/td>\n<td width=\"101\">  0.34<\/td>\n<td width=\"101\">  E<\/td>\n<td width=\"101\">  VS2<\/td>\n<td width=\"101\">  Heart<\/td>\n<\/tr>\n<\/tbody>\n<\/table>\n<p>Click on the <a href=\"https:\/\/www.gia.edu\/report-check?reportno=6232007158\">GIA Laboratory<\/a> to view the international certification of this stone.<\/p>\n<p>\u00d6zel \u00fcretimlerde, p\u0131rlanta karat\u0131 ve alt\u0131n gramaj\u0131 +\\- %5 de\u011fi\u015febilir.<\/p>\n","protected":false},"featured_media":140655,"template":"","meta":{"neve_meta_sidebar":"","neve_meta_container":"","neve_meta_enable_content_width":"off","neve_meta_content_width":70,"neve_meta_title_alignment":"","neve_meta_author_avatar":"","neve_post_elements_order":"","neve_meta_disable_header":"","neve_meta_disable_footer":"","neve_meta_disable_title":"","neve_meta_reading_time":"","_themeisle_gutenberg_block_has_review":false,"wds_primary_product_brand":0,"wds_primary_product_cat":0},"product_brand":[],"product_cat":[1044],"product_tag":[1891],"class_list":{"0":"post-144509","1":"product","2":"type-product","3":"status-publish","4":"has-post-thumbnail","6":"product_cat-outlet-diamond","7":"product_tag-heart-diamond","8":"pa_sertifika-laboratuvari-gia-en","10":"first","11":"onbackorder","12":"taxable","13":"shipping-taxable","14":"purchasable","15":"product-type-simple"},"_links":{"self":[{"href":"https:\/\/im-diamond.com\/en\/wp-json\/wp\/v2\/product\/144509","targetHints":{"allow":["GET"]}}],"collection":[{"href":"https:\/\/im-diamond.com\/en\/wp-json\/wp\/v2\/product"}],"about":[{"href":"https:\/\/im-diamond.com\/en\/wp-json\/wp\/v2\/types\/product"}],"wp:featuredmedia":[{"embeddable":true,"href":"https:\/\/im-diamond.com\/en\/wp-json\/wp\/v2\/media\/140655"}],"wp:attachment":[{"href":"https:\/\/im-diamond.com\/en\/wp-json\/wp\/v2\/media?parent=144509"}],"wp:term":[{"taxonomy":"product_brand","embeddable":true,"href":"https:\/\/im-diamond.com\/en\/wp-json\/wp\/v2\/product_brand?post=144509"},{"taxonomy":"product_cat","embeddable":true,"href":"https:\/\/im-diamond.com\/en\/wp-json\/wp\/v2\/product_cat?post=144509"},{"taxonomy":"product_tag","embeddable":true,"href":"https:\/\/im-diamond.com\/en\/wp-json\/wp\/v2\/product_tag?post=144509"}],"curies":[{"name":"wp","href":"https:\/\/api.w.org\/{rel}","templated":true}]}}