{"id":145167,"date":"2022-03-09T17:46:40","date_gmt":"2022-07-31T18:50:00","guid":{"rendered":"https:\/\/im-diamond.com\/product\/0-82-ct-f-g-color-diamond-baguette-earrings\/"},"modified":"2023-09-27T14:10:49","modified_gmt":"2023-09-27T11:10:49","slug":"0-82-ct-f-g-color-diamond-baguette-earrings","status":"publish","type":"product","link":"https:\/\/im-diamond.com\/en\/product\/0-82-ct-f-g-color-diamond-baguette-earrings\/","title":{"rendered":"0.82 Ct F-G Color Diamond Baguette Earrings"},"content":{"rendered":"<p>Our diamond baguette earrings have been certified by I&#8217;m Diamond after detailed inspections by our diamond experts.<\/p>\n<p>You can discover diamond baguette earring models in various sizes and special designs by clicking <a href=\"https:\/\/im-diamond.com\/category\/pirlanta-kupeler\/baget-kupeler\/\">im-diamond.com<\/a> and you can view us on Instagram by clicking <a href=\"https:\/\/www.instagram.com\/imdiamondturkey\/\">imdiamondturkey<\/a>.<\/p>\n","protected":false},"excerpt":{"rendered":"<p>3.37 Gr, 14K, White Gold<\/p>\n<table>\n<tbody>\n<tr>\n<td width=\"101\"><strong>Gemstone<\/strong><\/td>\n<td width=\"101\"><strong>Quantity<\/strong><\/td>\n<td width=\"101\"><strong>Carat<\/strong><\/td>\n<td width=\"101\"><strong>Color<\/strong><\/td>\n<td width=\"101\"><strong>Clarity<\/strong><\/td>\n<td width=\"101\"><strong>Shape<\/strong><\/td>\n<\/tr>\n<tr>\n<td width=\"101\">Diamond<\/td>\n<td width=\"101\">80<\/td>\n<td width=\"101\">0.64<\/td>\n<td width=\"101\">F-G<\/td>\n<td width=\"101\">SI<\/td>\n<td width=\"101\">Round<\/td>\n<\/tr>\n<tr>\n<td width=\"101\">Diamond<\/td>\n<td width=\"101\">6<\/td>\n<td width=\"101\">0.18<\/td>\n<td width=\"101\">F-G<\/td>\n<td width=\"101\">SI<\/td>\n<td width=\"101\">Baguette<\/td>\n<\/tr>\n<\/tbody>\n<\/table>\n<p><span style=\"font-weight: 400\">Sipari\u015flerde, p\u0131rlanta karat\u0131 ve alt\u0131n gramaj\u0131 +\\- %5 de\u011fi\u015febilir.<\/span><\/p>\n","protected":false},"featured_media":139852,"template":"","meta":{"neve_meta_sidebar":"","neve_meta_container":"","neve_meta_enable_content_width":"off","neve_meta_content_width":70,"neve_meta_title_alignment":"","neve_meta_author_avatar":"","neve_post_elements_order":"","neve_meta_disable_header":"","neve_meta_disable_footer":"","neve_meta_disable_title":"","neve_meta_reading_time":"","_themeisle_gutenberg_block_has_review":false,"wds_primary_product_brand":0,"wds_primary_product_cat":0},"product_brand":[],"product_cat":[1044],"product_tag":[],"class_list":{"0":"post-145167","1":"product","2":"type-product","3":"status-publish","4":"has-post-thumbnail","6":"product_cat-outlet-diamond","8":"first","9":"outofstock","10":"taxable","11":"shipping-taxable","12":"purchasable","13":"product-type-simple"},"_links":{"self":[{"href":"https:\/\/im-diamond.com\/en\/wp-json\/wp\/v2\/product\/145167","targetHints":{"allow":["GET"]}}],"collection":[{"href":"https:\/\/im-diamond.com\/en\/wp-json\/wp\/v2\/product"}],"about":[{"href":"https:\/\/im-diamond.com\/en\/wp-json\/wp\/v2\/types\/product"}],"wp:featuredmedia":[{"embeddable":true,"href":"https:\/\/im-diamond.com\/en\/wp-json\/wp\/v2\/media\/139852"}],"wp:attachment":[{"href":"https:\/\/im-diamond.com\/en\/wp-json\/wp\/v2\/media?parent=145167"}],"wp:term":[{"taxonomy":"product_brand","embeddable":true,"href":"https:\/\/im-diamond.com\/en\/wp-json\/wp\/v2\/product_brand?post=145167"},{"taxonomy":"product_cat","embeddable":true,"href":"https:\/\/im-diamond.com\/en\/wp-json\/wp\/v2\/product_cat?post=145167"},{"taxonomy":"product_tag","embeddable":true,"href":"https:\/\/im-diamond.com\/en\/wp-json\/wp\/v2\/product_tag?post=145167"}],"curies":[{"name":"wp","href":"https:\/\/api.w.org\/{rel}","templated":true}]}}