{"id":145398,"date":"2022-08-04T16:06:09","date_gmt":"2022-08-04T13:06:09","guid":{"rendered":"https:\/\/im-diamond.com\/product\/outlet-diamond-0-36-ct-f-h-color-ring\/"},"modified":"2023-09-27T18:31:12","modified_gmt":"2023-09-27T15:31:12","slug":"outlet-diamond-0-36-ct-f-h-color-ring","status":"publish","type":"product","link":"https:\/\/im-diamond.com\/en\/product\/outlet-diamond-0-36-ct-f-h-color-ring\/","title":{"rendered":"Outlet Diamond 0.36 Ct F-H Color Ring"},"content":{"rendered":"<p>Single &amp; discontinued jewels are in our Outlet category with production prices.<\/p>\n<p>As I&#8217;m Diamond brand, we provide a lively flow on our website and Instagram page with our international HRD \/ GIA &amp; company certified jewelry.<\/p>\n<p>You can discover solitaire, five-stone, eternity &amp; half-band eternity, baguette, ruby, sapphire, emerald, fantasy rings by clicking on <a href=\"https:\/\/im-diamond.com\/category\/pirlanta-outlet\/outlet-yuzukler\/\">Outlet Rings<\/a> and you can view us on Instagram by clicking on <a href=\"https:\/\/www.instagram.com\/outlet.pirlanta.imdiamond\/\">outlet.pirlanta.imdiamond<\/a>.<\/p>\n","protected":false},"excerpt":{"rendered":"<p><a href=\"https:\/\/www.instagram.com\/p\/CgjM_OHgDe7\/\">View on Instagram<\/a><\/p>\n<p>\u00d6zel \u00fcretimlerde, p\u0131rlanta karat\u0131 ve alt\u0131n gramaj\u0131 +\\- %5 de\u011fi\u015febilir.<\/p>\n","protected":false},"featured_media":145034,"template":"","meta":{"neve_meta_sidebar":"","neve_meta_container":"","neve_meta_enable_content_width":"off","neve_meta_content_width":100,"neve_meta_title_alignment":"","neve_meta_author_avatar":"","neve_post_elements_order":"","neve_meta_disable_header":"","neve_meta_disable_footer":"","neve_meta_disable_title":"","neve_meta_reading_time":"","_themeisle_gutenberg_block_has_review":false,"wds_primary_product_brand":0,"wds_primary_product_cat":0},"product_brand":[],"product_cat":[1044,1499,1048],"product_tag":[],"class_list":{"0":"post-145398","1":"product","2":"type-product","3":"status-publish","4":"has-post-thumbnail","6":"product_cat-outlet-diamond","7":"product_cat-outlet-fantasy","8":"product_cat-outlet-rings","10":"first","11":"onbackorder","12":"sale","13":"taxable","14":"shipping-taxable","15":"purchasable","16":"product-type-simple"},"_links":{"self":[{"href":"https:\/\/im-diamond.com\/en\/wp-json\/wp\/v2\/product\/145398","targetHints":{"allow":["GET"]}}],"collection":[{"href":"https:\/\/im-diamond.com\/en\/wp-json\/wp\/v2\/product"}],"about":[{"href":"https:\/\/im-diamond.com\/en\/wp-json\/wp\/v2\/types\/product"}],"wp:featuredmedia":[{"embeddable":true,"href":"https:\/\/im-diamond.com\/en\/wp-json\/wp\/v2\/media\/145034"}],"wp:attachment":[{"href":"https:\/\/im-diamond.com\/en\/wp-json\/wp\/v2\/media?parent=145398"}],"wp:term":[{"taxonomy":"product_brand","embeddable":true,"href":"https:\/\/im-diamond.com\/en\/wp-json\/wp\/v2\/product_brand?post=145398"},{"taxonomy":"product_cat","embeddable":true,"href":"https:\/\/im-diamond.com\/en\/wp-json\/wp\/v2\/product_cat?post=145398"},{"taxonomy":"product_tag","embeddable":true,"href":"https:\/\/im-diamond.com\/en\/wp-json\/wp\/v2\/product_tag?post=145398"}],"curies":[{"name":"wp","href":"https:\/\/api.w.org\/{rel}","templated":true}]}}