{"id":147243,"date":"2022-08-09T18:03:12","date_gmt":"2022-09-05T13:57:17","guid":{"rendered":"https:\/\/im-diamond.com\/product\/outlet-diamond-0-40-ct-f-g-color-flower-earrings\/"},"modified":"2023-09-27T15:18:25","modified_gmt":"2023-09-27T12:18:25","slug":"outlet-diamond-040-ct-f-g-color-flower-earrings","status":"publish","type":"product","link":"https:\/\/im-diamond.com\/en\/product\/outlet-diamond-040-ct-f-g-color-flower-earrings\/","title":{"rendered":"Outlet Diamond 0,40 Ct F-G Color Flower Earrings"},"content":{"rendered":"<p>Single &amp; discontinued jewels are in our Outlet category with production prices.<\/p>\n<p>As I&#8217;m Diamond brand, we provide a lively flow on our website and Instagram page with our international HRD \/ GIA &amp; company certified jewelry.<\/p>\n<p>Elegant, splendid, comfortable, modern, vintage&#8230;<\/p>\n<p>Diamonds, rubies, sapphires, emeralds&#8230;<\/p>\n<p>Solitaire, tria, five-stone, baguette, light flood, tennis, hoop, harp, special designs&#8230;<\/p>\n<p>You can discover classic and fancy earrings by clicking on <a href=\"https:\/\/im-diamond.com\/category\/pirlanta-outlet\/outlet-kupeler\/\">Outlet Earrings<\/a> and view us on Instagram by clicking on <a href=\"https:\/\/www.instagram.com\/outlet.pirlanta.imdiamond\/\">outlet.pirlanta.imdiamond<\/a>.<\/p>\n","protected":false},"excerpt":{"rendered":"<p><a href=\"https:\/\/www.instagram.com\/p\/ChCAeDWAM59\/\">View on Instagram<\/a><\/p>\n<p><span style=\"font-weight: 400\">\u00d6zel \u00fcretimlerde, p\u0131rlanta karat\u0131 ve alt\u0131n gramaj\u0131 +\\- %5 de\u011fi\u015febilir.<\/span><\/p>\n","protected":false},"featured_media":146185,"template":"","meta":{"neve_meta_sidebar":"","neve_meta_container":"","neve_meta_enable_content_width":"off","neve_meta_content_width":100,"neve_meta_title_alignment":"","neve_meta_author_avatar":"","neve_post_elements_order":"","neve_meta_disable_header":"","neve_meta_disable_footer":"","neve_meta_disable_title":"","neve_meta_reading_time":"","_themeisle_gutenberg_block_has_review":false,"wds_primary_product_brand":0,"wds_primary_product_cat":0},"product_brand":[],"product_cat":[2204,499,503],"product_tag":[],"class_list":{"0":"post-147243","1":"product","2":"type-product","3":"status-publish","4":"has-post-thumbnail","6":"product_cat-fantezi-kupeler","7":"product_cat-pirlanta","8":"product_cat-pirlanta-kupeler","10":"first","11":"onbackorder","12":"taxable","13":"shipping-taxable","14":"purchasable","15":"product-type-simple"},"_links":{"self":[{"href":"https:\/\/im-diamond.com\/en\/wp-json\/wp\/v2\/product\/147243","targetHints":{"allow":["GET"]}}],"collection":[{"href":"https:\/\/im-diamond.com\/en\/wp-json\/wp\/v2\/product"}],"about":[{"href":"https:\/\/im-diamond.com\/en\/wp-json\/wp\/v2\/types\/product"}],"wp:featuredmedia":[{"embeddable":true,"href":"https:\/\/im-diamond.com\/en\/wp-json\/wp\/v2\/media\/146185"}],"wp:attachment":[{"href":"https:\/\/im-diamond.com\/en\/wp-json\/wp\/v2\/media?parent=147243"}],"wp:term":[{"taxonomy":"product_brand","embeddable":true,"href":"https:\/\/im-diamond.com\/en\/wp-json\/wp\/v2\/product_brand?post=147243"},{"taxonomy":"product_cat","embeddable":true,"href":"https:\/\/im-diamond.com\/en\/wp-json\/wp\/v2\/product_cat?post=147243"},{"taxonomy":"product_tag","embeddable":true,"href":"https:\/\/im-diamond.com\/en\/wp-json\/wp\/v2\/product_tag?post=147243"}],"curies":[{"name":"wp","href":"https:\/\/api.w.org\/{rel}","templated":true}]}}