{"id":148275,"date":"2022-10-12T16:10:10","date_gmt":"2022-10-12T13:10:10","guid":{"rendered":"https:\/\/im-diamond.com\/?post_type=product&#038;p=148275"},"modified":"2023-07-25T07:17:43","modified_gmt":"2023-07-25T04:17:43","slug":"056-ct-pirlanta-koronet-cicek-set","status":"publish","type":"product","link":"https:\/\/im-diamond.com\/en\/product\/056-ct-pirlanta-koronet-cicek-set\/","title":{"rendered":"0,56 Ct P\u0131rlanta Koronet \u00c7i\u00e7ek Set"},"content":{"rendered":"","protected":false},"excerpt":{"rendered":"","protected":false},"featured_media":148633,"template":"","meta":{"neve_meta_sidebar":"","neve_meta_container":"","neve_meta_enable_content_width":"off","neve_meta_content_width":100,"neve_meta_title_alignment":"","neve_meta_author_avatar":"","neve_post_elements_order":"","neve_meta_disable_header":"","neve_meta_disable_footer":"","neve_meta_disable_title":"","neve_meta_reading_time":"","_themeisle_gutenberg_block_has_review":false,"wds_primary_product_brand":0,"wds_primary_product_cat":0},"product_brand":[],"product_cat":[2503],"product_tag":[],"class_list":{"0":"post-148275","1":"product","2":"type-product","3":"status-publish","4":"has-post-thumbnail","6":"product_cat-setler","8":"first","9":"instock","10":"taxable","11":"shipping-taxable","12":"product-type-grouped"},"_links":{"self":[{"href":"https:\/\/im-diamond.com\/en\/wp-json\/wp\/v2\/product\/148275","targetHints":{"allow":["GET"]}}],"collection":[{"href":"https:\/\/im-diamond.com\/en\/wp-json\/wp\/v2\/product"}],"about":[{"href":"https:\/\/im-diamond.com\/en\/wp-json\/wp\/v2\/types\/product"}],"wp:featuredmedia":[{"embeddable":true,"href":"https:\/\/im-diamond.com\/en\/wp-json\/wp\/v2\/media\/148633"}],"wp:attachment":[{"href":"https:\/\/im-diamond.com\/en\/wp-json\/wp\/v2\/media?parent=148275"}],"wp:term":[{"taxonomy":"product_brand","embeddable":true,"href":"https:\/\/im-diamond.com\/en\/wp-json\/wp\/v2\/product_brand?post=148275"},{"taxonomy":"product_cat","embeddable":true,"href":"https:\/\/im-diamond.com\/en\/wp-json\/wp\/v2\/product_cat?post=148275"},{"taxonomy":"product_tag","embeddable":true,"href":"https:\/\/im-diamond.com\/en\/wp-json\/wp\/v2\/product_tag?post=148275"}],"curies":[{"name":"wp","href":"https:\/\/api.w.org\/{rel}","templated":true}]}}