{"id":149619,"date":"2022-08-21T16:24:11","date_gmt":"2022-11-23T09:49:18","guid":{"rendered":"https:\/\/im-diamond.com\/product\/0-58-ct-f-color-diamond-tiffany-solitaire-necklace\/"},"modified":"2023-09-27T15:14:00","modified_gmt":"2023-09-27T12:14:00","slug":"0-58-ct-f-color-diamond-tiffany-solitaire-necklace","status":"publish","type":"product","link":"https:\/\/im-diamond.com\/en\/product\/0-58-ct-f-color-diamond-tiffany-solitaire-necklace\/","title":{"rendered":"0.58 Ct F Color Diamond Tiffany Solitaire Necklace"},"content":{"rendered":"<p>Our diamond solitaire necklaces are internationally GIA \/ HRD Laboratory and company certified.<\/p>\n<p>You can discover diamond solitaire necklace models in classic &amp; modern designs and various sizes by clicking <a href=\"https:\/\/im-diamond.com\/category\/pirlanta-kolyeler\/tektas-kolyeler\/\">Solitaire Necklaces<\/a> and you can view us on Instagram by clicking <a href=\"https:\/\/www.instagram.com\/imdiamondturkey\/\">imdiamondturkey<\/a>.<\/p>\n","protected":false},"excerpt":{"rendered":"<p>2.40 Gr, 14K, White Gold<\/p>\n<table>\n<tbody>\n<tr>\n<td width=\"101\"><strong>Gemstone<\/strong><\/td>\n<td width=\"101\"><strong>Quantity<\/strong><\/td>\n<td width=\"101\"><strong>Carat<\/strong><\/td>\n<td width=\"101\"><strong>Color<\/strong><\/td>\n<td width=\"101\"><strong>Clarity<\/strong><\/td>\n<td width=\"101\"><strong>Shape<\/strong><\/td>\n<\/tr>\n<tr>\n<td width=\"101\">Diamond<\/td>\n<td width=\"101\">  1<\/td>\n<td width=\"101\">  0.58<\/td>\n<td width=\"101\">  F<\/td>\n<td width=\"101\">  SI<\/td>\n<td width=\"101\">  Round<\/td>\n<\/tr>\n<\/tbody>\n<\/table>\n<p>\u00d6zel \u00fcretimlerde, p\u0131rlanta karat\u0131 ve alt\u0131n gramaj\u0131 +\\- %5 de\u011fi\u015febilir.<\/p>\n","protected":false},"featured_media":146742,"template":"","meta":{"neve_meta_sidebar":"","neve_meta_container":"","neve_meta_enable_content_width":"off","neve_meta_content_width":70,"neve_meta_title_alignment":"","neve_meta_author_avatar":"","neve_post_elements_order":"","neve_meta_disable_header":"","neve_meta_disable_footer":"","neve_meta_disable_title":"","neve_meta_reading_time":"","_themeisle_gutenberg_block_has_review":false,"wds_primary_product_brand":0,"wds_primary_product_cat":0},"product_brand":[],"product_cat":[499],"product_tag":[2453],"class_list":{"0":"post-149619","1":"product","2":"type-product","3":"status-publish","4":"has-post-thumbnail","6":"product_cat-pirlanta","7":"product_tag-solitaire-necklace","9":"first","10":"onbackorder","11":"taxable","12":"shipping-taxable","13":"purchasable","14":"product-type-simple"},"_links":{"self":[{"href":"https:\/\/im-diamond.com\/en\/wp-json\/wp\/v2\/product\/149619","targetHints":{"allow":["GET"]}}],"collection":[{"href":"https:\/\/im-diamond.com\/en\/wp-json\/wp\/v2\/product"}],"about":[{"href":"https:\/\/im-diamond.com\/en\/wp-json\/wp\/v2\/types\/product"}],"wp:featuredmedia":[{"embeddable":true,"href":"https:\/\/im-diamond.com\/en\/wp-json\/wp\/v2\/media\/146742"}],"wp:attachment":[{"href":"https:\/\/im-diamond.com\/en\/wp-json\/wp\/v2\/media?parent=149619"}],"wp:term":[{"taxonomy":"product_brand","embeddable":true,"href":"https:\/\/im-diamond.com\/en\/wp-json\/wp\/v2\/product_brand?post=149619"},{"taxonomy":"product_cat","embeddable":true,"href":"https:\/\/im-diamond.com\/en\/wp-json\/wp\/v2\/product_cat?post=149619"},{"taxonomy":"product_tag","embeddable":true,"href":"https:\/\/im-diamond.com\/en\/wp-json\/wp\/v2\/product_tag?post=149619"}],"curies":[{"name":"wp","href":"https:\/\/api.w.org\/{rel}","templated":true}]}}