{"id":150051,"date":"2022-12-09T18:47:13","date_gmt":"2022-12-09T15:47:13","guid":{"rendered":"https:\/\/im-diamond.com\/?post_type=product&#038;p=150051"},"modified":"2026-01-10T15:14:45","modified_gmt":"2026-01-10T12:14:45","slug":"pirlanta-163-ct-fantezi-baget-yuzuk","status":"publish","type":"product","link":"https:\/\/im-diamond.com\/en\/product\/pirlanta-163-ct-fantezi-baget-yuzuk\/","title":{"rendered":"P\u0131rlanta 1,63 Ct  Fantezi Baget Y\u00fcz\u00fck"},"content":{"rendered":"<p>Tek &amp; devam\u0131 olmayan m\u00fccevherler \u00fcretim fiyatlar\u0131yla Outlet kategorimizde.<\/p>\n<p>I\u2019m Diamond markas\u0131 olarak uluslararas\u0131 HRD \/ GIA &amp; firma sertifikal\u0131 m\u00fccevherlerimizle sitemizde ve Instagram sayfam\u0131zda hareketli bir ak\u0131\u015f sa\u011fl\u0131yoruz.<\/p>\n<p>Zarif, g\u00f6steri\u015fli, rahat, modern, nostaljik&#8230;<\/p>\n<p>P\u0131rlanta, elmas, yakut, safir, z\u00fcmr\u00fct&#8230;<\/p>\n<p>Tekta\u015f, tria, be\u015fta\u015f, baget, \u00f6zel tasar\u0131m y\u00fcz\u00fckler ve tamtur &amp; yar\u0131mtur alyanslar&#8230;<\/p>\n<p>Klasik ve fantezi y\u00fcz\u00fckleri <a href=\"https:\/\/im-diamond.com\/category\/pirlanta-outlet\/outlet-yuzukler\/\">Outlet Y\u00fcz\u00fckler<\/a>&#8216;e t\u0131klayarak ke\u015ffedebilir ve <a href=\"https:\/\/www.instagram.com\/outlet.pirlanta.imdiamond\/\">outlet.pirlanta.imdiamond<\/a>&#8216;a t\u0131klayarak bizi Instagram&#8217;da g\u00f6r\u00fcnt\u00fcleyebilirsiniz.<\/p>\n","protected":false},"excerpt":{"rendered":"<p><a href=\"https:\/\/www.instagram.com\/p\/Cl8f13JANjP\/\">Instagram&#8217;da G\u00f6r\u00fcnt\u00fcleyin<\/a><\/p>\n","protected":false},"featured_media":151299,"template":"","meta":{"neve_meta_sidebar":"","neve_meta_container":"","neve_meta_enable_content_width":"off","neve_meta_content_width":100,"neve_meta_title_alignment":"","neve_meta_author_avatar":"","neve_post_elements_order":"","neve_meta_disable_header":"","neve_meta_disable_footer":"","neve_meta_disable_title":"","neve_meta_reading_time":"","_themeisle_gutenberg_block_has_review":false,"wds_primary_product_brand":0,"wds_primary_product_cat":0},"product_brand":[],"product_cat":[499],"product_tag":[],"class_list":{"0":"post-150051","1":"product","2":"type-product","3":"status-publish","4":"has-post-thumbnail","6":"product_cat-pirlanta","8":"first","9":"onbackorder","10":"taxable","11":"shipping-taxable","12":"purchasable","13":"product-type-simple"},"_links":{"self":[{"href":"https:\/\/im-diamond.com\/en\/wp-json\/wp\/v2\/product\/150051","targetHints":{"allow":["GET"]}}],"collection":[{"href":"https:\/\/im-diamond.com\/en\/wp-json\/wp\/v2\/product"}],"about":[{"href":"https:\/\/im-diamond.com\/en\/wp-json\/wp\/v2\/types\/product"}],"wp:featuredmedia":[{"embeddable":true,"href":"https:\/\/im-diamond.com\/en\/wp-json\/wp\/v2\/media\/151299"}],"wp:attachment":[{"href":"https:\/\/im-diamond.com\/en\/wp-json\/wp\/v2\/media?parent=150051"}],"wp:term":[{"taxonomy":"product_brand","embeddable":true,"href":"https:\/\/im-diamond.com\/en\/wp-json\/wp\/v2\/product_brand?post=150051"},{"taxonomy":"product_cat","embeddable":true,"href":"https:\/\/im-diamond.com\/en\/wp-json\/wp\/v2\/product_cat?post=150051"},{"taxonomy":"product_tag","embeddable":true,"href":"https:\/\/im-diamond.com\/en\/wp-json\/wp\/v2\/product_tag?post=150051"}],"curies":[{"name":"wp","href":"https:\/\/api.w.org\/{rel}","templated":true}]}}