{"id":153225,"date":"2023-02-18T18:09:10","date_gmt":"2023-02-18T15:09:10","guid":{"rendered":"https:\/\/im-diamond.com\/?post_type=product&#038;p=153225"},"modified":"2023-07-20T16:40:38","modified_gmt":"2023-07-20T13:40:38","slug":"outlet-pirlanta-338-ct-f-g-renk-fantezi-bileklik","status":"publish","type":"product","link":"https:\/\/im-diamond.com\/en\/product\/outlet-pirlanta-338-ct-f-g-renk-fantezi-bileklik\/","title":{"rendered":"Outlet P\u0131rlanta 3,38 Ct  Fantezi Bileklik"},"content":{"rendered":"<p>Tek &amp; devam\u0131 olmayan m\u00fccevherler \u00fcretim fiyatlar\u0131yla Outlet kategorimizde.<\/p>\n<p>I\u2019m Diamond markas\u0131 olarak uluslararas\u0131 HRD \/ GIA &amp; firma sertifikal\u0131 m\u00fccevherlerimizle sitemizde ve Instagram sayfam\u0131zda hareketli bir ak\u0131\u015f sa\u011fl\u0131yoruz.<\/p>\n<p>Zarif, g\u00f6steri\u015fli, rahat, modern, nostaljik&#8230;<\/p>\n<p>P\u0131rlanta, elmas, yakut, safir, z\u00fcmr\u00fct&#8230;<\/p>\n<p>Tekta\u015f, suyolu, baget, \u00f6zel tasar\u0131mlar&#8230;<\/p>\n<p>Klasik ve fantezi bileklikleri <a href=\"https:\/\/im-diamond.com\/category\/pirlanta-outlet\/outlet-bileklikler\/\">Outlet Bileklikler<\/a>&#8216;e t\u0131klayarak ke\u015ffedebilir ve <a href=\"https:\/\/www.instagram.com\/outlet.pirlanta.imdiamond\/\">outlet.pirlanta.imdiamond<\/a>&#8216;a t\u0131klayarak bizi Instagram&#8217;da g\u00f6r\u00fcnt\u00fcleyebilirsiniz.<\/p>\n","protected":false},"excerpt":{"rendered":"<p style=\"text-align: left\">Instagram\u2019da G\u00f6r\u00fcnt\u00fcleyin<\/p>\n","protected":false},"featured_media":0,"template":"","meta":{"neve_meta_sidebar":"","neve_meta_container":"","neve_meta_enable_content_width":"off","neve_meta_content_width":100,"neve_meta_title_alignment":"","neve_meta_author_avatar":"","neve_post_elements_order":"","neve_meta_disable_header":"","neve_meta_disable_footer":"","neve_meta_disable_title":"","neve_meta_reading_time":"","_themeisle_gutenberg_block_has_review":false,"wds_primary_product_brand":0,"wds_primary_product_cat":0},"product_brand":[],"product_cat":[499],"product_tag":[],"class_list":{"0":"post-153225","1":"product","2":"type-product","3":"status-publish","5":"product_cat-pirlanta","7":"first","8":"outofstock","9":"sale","10":"taxable","11":"shipping-taxable","12":"purchasable","13":"product-type-simple"},"_links":{"self":[{"href":"https:\/\/im-diamond.com\/en\/wp-json\/wp\/v2\/product\/153225","targetHints":{"allow":["GET"]}}],"collection":[{"href":"https:\/\/im-diamond.com\/en\/wp-json\/wp\/v2\/product"}],"about":[{"href":"https:\/\/im-diamond.com\/en\/wp-json\/wp\/v2\/types\/product"}],"wp:attachment":[{"href":"https:\/\/im-diamond.com\/en\/wp-json\/wp\/v2\/media?parent=153225"}],"wp:term":[{"taxonomy":"product_brand","embeddable":true,"href":"https:\/\/im-diamond.com\/en\/wp-json\/wp\/v2\/product_brand?post=153225"},{"taxonomy":"product_cat","embeddable":true,"href":"https:\/\/im-diamond.com\/en\/wp-json\/wp\/v2\/product_cat?post=153225"},{"taxonomy":"product_tag","embeddable":true,"href":"https:\/\/im-diamond.com\/en\/wp-json\/wp\/v2\/product_tag?post=153225"}],"curies":[{"name":"wp","href":"https:\/\/api.w.org\/{rel}","templated":true}]}}