{"id":167470,"date":"2024-06-13T20:08:17","date_gmt":"2024-06-13T17:08:17","guid":{"rendered":"https:\/\/im-diamond.com\/?post_type=product&#038;p=167470"},"modified":"2026-01-29T23:47:13","modified_gmt":"2026-01-29T20:47:13","slug":"outlet-pirlanta-044-ct-pirlanta-ve-zumrut-kolye","status":"publish","type":"product","link":"https:\/\/im-diamond.com\/en\/product\/outlet-pirlanta-044-ct-pirlanta-ve-zumrut-kolye\/","title":{"rendered":"P\u0131rlanta 0,44 Ct P\u0131rlanta ve Z\u00fcmr\u00fct Kolye"},"content":{"rendered":"<p>Tek &amp; devam\u0131 olmayan m\u00fccevherler neredeyse \u00fcretim fiyatlar\u0131yla <a href=\"https:\/\/im-diamond.com\/category\/pirlanta-outlet\/\">P\u0131rlanta Outlet<\/a> kategorimizde.<\/p>\n<p>I\u2019m Diamond markas\u0131 olarak HRD \/ GIA \/ IGSL \/ IGI uluslararas\u0131 sertifikal\u0131 &amp; uluslararas\u0131 standartlar\u0131 g\u00f6zetti\u011fimiz I&#8217;m Diamond firma sertifikal\u0131 m\u00fccevherlerimizle sitemizde ve Instagram sayfam\u0131zda hareketli bir ak\u0131\u015f sa\u011fl\u0131yoruz.<\/p>\n<p>Zarif, g\u00f6steri\u015fli, rahat, modern, nostaljik&#8230;<\/p>\n<p>P\u0131rlanta, elmas, yakut, safir, z\u00fcmr\u00fct&#8230;<\/p>\n<p>Tekta\u015f, tria, be\u015fta\u015f, baget, \u0131\u015f\u0131kseli, suyolu, \u00f6zel tasar\u0131m kolyeler ve gerdanl\u0131klar&#8230;<\/p>\n<p>Klasik ve fantezi kolyeleri <a href=\"https:\/\/im-diamond.com\/category\/pirlanta-outlet\/outlet-kolyeler\/\">Outlet Kolyeler<\/a>&#8216;e t\u0131klayarak ke\u015ffedebilir ve <a href=\"https:\/\/www.instagram.com\/outlet.pirlanta.imdiamond\/\">outlet.pirlanta.imdiamond<\/a>&#8216;a t\u0131klayarak bizi Instagram&#8217;da g\u00f6r\u00fcnt\u00fcleyebilirsiniz.<\/p>\n","protected":false},"excerpt":{"rendered":"<p><a href=\"https:\/\/www.instagram.com\/reel\/C8JjnIPCb99\/?igsh=czJibjV1cmxvZHZ5\">Instagram&#8217;da G\u00f6r\u00fcnt\u00fcleyin<\/a><\/p>\n","protected":false},"featured_media":167471,"template":"","meta":{"neve_meta_sidebar":"","neve_meta_container":"","neve_meta_enable_content_width":"off","neve_meta_content_width":100,"neve_meta_title_alignment":"","neve_meta_author_avatar":"","neve_post_elements_order":"","neve_meta_disable_header":"","neve_meta_disable_footer":"","neve_meta_disable_title":"","neve_meta_reading_time":"","_themeisle_gutenberg_block_has_review":false,"wds_primary_product_brand":0,"wds_primary_product_cat":0},"product_brand":[],"product_cat":[2201,499,502],"product_tag":[],"class_list":{"0":"post-167470","1":"product","2":"type-product","3":"status-publish","4":"has-post-thumbnail","6":"product_cat-fantezi-kolyeler","7":"product_cat-pirlanta","8":"product_cat-pirlanta-kolyeler","10":"first","11":"onbackorder","12":"taxable","13":"shipping-taxable","14":"purchasable","15":"product-type-simple"},"_links":{"self":[{"href":"https:\/\/im-diamond.com\/en\/wp-json\/wp\/v2\/product\/167470","targetHints":{"allow":["GET"]}}],"collection":[{"href":"https:\/\/im-diamond.com\/en\/wp-json\/wp\/v2\/product"}],"about":[{"href":"https:\/\/im-diamond.com\/en\/wp-json\/wp\/v2\/types\/product"}],"wp:featuredmedia":[{"embeddable":true,"href":"https:\/\/im-diamond.com\/en\/wp-json\/wp\/v2\/media\/167471"}],"wp:attachment":[{"href":"https:\/\/im-diamond.com\/en\/wp-json\/wp\/v2\/media?parent=167470"}],"wp:term":[{"taxonomy":"product_brand","embeddable":true,"href":"https:\/\/im-diamond.com\/en\/wp-json\/wp\/v2\/product_brand?post=167470"},{"taxonomy":"product_cat","embeddable":true,"href":"https:\/\/im-diamond.com\/en\/wp-json\/wp\/v2\/product_cat?post=167470"},{"taxonomy":"product_tag","embeddable":true,"href":"https:\/\/im-diamond.com\/en\/wp-json\/wp\/v2\/product_tag?post=167470"}],"curies":[{"name":"wp","href":"https:\/\/api.w.org\/{rel}","templated":true}]}}