{"id":168409,"date":"2024-07-27T23:25:23","date_gmt":"2024-07-27T20:25:23","guid":{"rendered":"https:\/\/im-diamond.com\/?post_type=product&#038;p=168409"},"modified":"2026-03-23T00:32:59","modified_gmt":"2026-03-22T21:32:59","slug":"outlet-pirlanta-215-ct-hrd-sertifikali-tasarim-yeditas-yuzuk","status":"publish","type":"product","link":"https:\/\/im-diamond.com\/en\/product\/outlet-pirlanta-215-ct-hrd-sertifikali-tasarim-yeditas-yuzuk\/","title":{"rendered":"P\u0131rlanta 2,15 Ct HRD Sertifikal\u0131 Tasar\u0131m Yedita\u015f Y\u00fcz\u00fck"},"content":{"rendered":"","protected":false},"excerpt":{"rendered":"<p><a href=\"https:\/\/www.instagram.com\/reel\/C97GCvkipWG\/?igsh=NWt6dWY4cnFieHM5\">Instagram&#8217;da G\u00f6r\u00fcnt\u00fcleyin<\/a><\/p>\n","protected":false},"featured_media":168410,"template":"","meta":{"neve_meta_sidebar":"","neve_meta_container":"","neve_meta_enable_content_width":"off","neve_meta_content_width":100,"neve_meta_title_alignment":"","neve_meta_author_avatar":"","neve_post_elements_order":"","neve_meta_disable_header":"","neve_meta_disable_footer":"","neve_meta_disable_title":"","neve_meta_reading_time":"","_themeisle_gutenberg_block_has_review":false,"wds_primary_product_brand":0,"wds_primary_product_cat":0},"product_brand":[],"product_cat":[1191,499,501],"product_tag":[],"class_list":{"0":"post-168409","1":"product","2":"type-product","3":"status-publish","4":"has-post-thumbnail","6":"product_cat-tamtur-yarimtur-yuzukler","7":"product_cat-pirlanta","8":"product_cat-pirlanta-yuzukler","9":"pa_sertifika-laboratuvari-hrd-en","11":"first","12":"onbackorder","13":"taxable","14":"shipping-taxable","15":"purchasable","16":"product-type-simple"},"_links":{"self":[{"href":"https:\/\/im-diamond.com\/en\/wp-json\/wp\/v2\/product\/168409","targetHints":{"allow":["GET"]}}],"collection":[{"href":"https:\/\/im-diamond.com\/en\/wp-json\/wp\/v2\/product"}],"about":[{"href":"https:\/\/im-diamond.com\/en\/wp-json\/wp\/v2\/types\/product"}],"wp:featuredmedia":[{"embeddable":true,"href":"https:\/\/im-diamond.com\/en\/wp-json\/wp\/v2\/media\/168410"}],"wp:attachment":[{"href":"https:\/\/im-diamond.com\/en\/wp-json\/wp\/v2\/media?parent=168409"}],"wp:term":[{"taxonomy":"product_brand","embeddable":true,"href":"https:\/\/im-diamond.com\/en\/wp-json\/wp\/v2\/product_brand?post=168409"},{"taxonomy":"product_cat","embeddable":true,"href":"https:\/\/im-diamond.com\/en\/wp-json\/wp\/v2\/product_cat?post=168409"},{"taxonomy":"product_tag","embeddable":true,"href":"https:\/\/im-diamond.com\/en\/wp-json\/wp\/v2\/product_tag?post=168409"}],"curies":[{"name":"wp","href":"https:\/\/api.w.org\/{rel}","templated":true}]}}