{"id":169668,"date":"2024-10-06T22:47:56","date_gmt":"2024-10-06T19:47:56","guid":{"rendered":"https:\/\/im-diamond.com\/?post_type=product&#038;p=169668"},"modified":"2026-03-14T01:14:06","modified_gmt":"2026-03-13T22:14:06","slug":"outlet-pirlanta-050-ct-e-renk-hrd-sertifikali-tektas-yuzuk-2","status":"publish","type":"product","link":"https:\/\/im-diamond.com\/en\/product\/outlet-pirlanta-050-ct-e-renk-hrd-sertifikali-tektas-yuzuk-2\/","title":{"rendered":"P\u0131rlanta 0,50 Ct E Renk HRD Sertifikal\u0131 Tekta\u015f Y\u00fcz\u00fck"},"content":{"rendered":"","protected":false},"excerpt":{"rendered":"<p><a href=\"https:\/\/www.instagram.com\/reel\/DAx2VCNC3E9\/?igsh=bjA3ZDZoeGJxMHZm\">Instagram&#8217;da G\u00f6r\u00fcnt\u00fcleyin<\/a><\/p>\n","protected":false},"featured_media":169669,"template":"","meta":{"neve_meta_sidebar":"","neve_meta_container":"","neve_meta_enable_content_width":"off","neve_meta_content_width":100,"neve_meta_title_alignment":"","neve_meta_author_avatar":"","neve_post_elements_order":"","neve_meta_disable_header":"","neve_meta_disable_footer":"","neve_meta_disable_title":"","neve_meta_reading_time":"","_themeisle_gutenberg_block_has_review":false,"wds_primary_product_brand":0,"wds_primary_product_cat":0},"product_brand":[],"product_cat":[511,499,501],"product_tag":[],"class_list":{"0":"post-169668","1":"product","2":"type-product","3":"status-publish","4":"has-post-thumbnail","6":"product_cat-tektas-yuzukler","7":"product_cat-pirlanta","8":"product_cat-pirlanta-yuzukler","9":"pa_sertifika-laboratuvari-hrd-en","11":"first","12":"onbackorder","13":"taxable","14":"shipping-taxable","15":"purchasable","16":"product-type-simple"},"_links":{"self":[{"href":"https:\/\/im-diamond.com\/en\/wp-json\/wp\/v2\/product\/169668","targetHints":{"allow":["GET"]}}],"collection":[{"href":"https:\/\/im-diamond.com\/en\/wp-json\/wp\/v2\/product"}],"about":[{"href":"https:\/\/im-diamond.com\/en\/wp-json\/wp\/v2\/types\/product"}],"wp:featuredmedia":[{"embeddable":true,"href":"https:\/\/im-diamond.com\/en\/wp-json\/wp\/v2\/media\/169669"}],"wp:attachment":[{"href":"https:\/\/im-diamond.com\/en\/wp-json\/wp\/v2\/media?parent=169668"}],"wp:term":[{"taxonomy":"product_brand","embeddable":true,"href":"https:\/\/im-diamond.com\/en\/wp-json\/wp\/v2\/product_brand?post=169668"},{"taxonomy":"product_cat","embeddable":true,"href":"https:\/\/im-diamond.com\/en\/wp-json\/wp\/v2\/product_cat?post=169668"},{"taxonomy":"product_tag","embeddable":true,"href":"https:\/\/im-diamond.com\/en\/wp-json\/wp\/v2\/product_tag?post=169668"}],"curies":[{"name":"wp","href":"https:\/\/api.w.org\/{rel}","templated":true}]}}