{"id":172202,"date":"2025-01-17T16:45:56","date_gmt":"2025-01-17T13:45:56","guid":{"rendered":"https:\/\/im-diamond.com\/?post_type=product&#038;p=172202"},"modified":"2026-01-29T23:29:34","modified_gmt":"2026-01-29T20:29:34","slug":"outlet-pirlanta-091-ct-markiz-pirlantali-tasarim-cicek-kolye","status":"publish","type":"product","link":"https:\/\/im-diamond.com\/en\/product\/outlet-pirlanta-091-ct-markiz-pirlantali-tasarim-cicek-kolye\/","title":{"rendered":"P\u0131rlanta 0,91 Ct Markiz P\u0131rlantal\u0131 Tasar\u0131m \u00c7i\u00e7ek Kolye"},"content":{"rendered":"","protected":false},"excerpt":{"rendered":"","protected":false},"featured_media":172206,"template":"","meta":{"neve_meta_sidebar":"","neve_meta_container":"","neve_meta_enable_content_width":"off","neve_meta_content_width":100,"neve_meta_title_alignment":"","neve_meta_author_avatar":"","neve_post_elements_order":"","neve_meta_disable_header":"","neve_meta_disable_footer":"","neve_meta_disable_title":"","neve_meta_reading_time":"","_themeisle_gutenberg_block_has_review":false,"wds_primary_product_brand":0,"wds_primary_product_cat":0},"product_brand":[],"product_cat":[2201,499,502],"product_tag":[],"class_list":{"0":"post-172202","1":"product","2":"type-product","3":"status-publish","4":"has-post-thumbnail","6":"product_cat-fantezi-kolyeler","7":"product_cat-pirlanta","8":"product_cat-pirlanta-kolyeler","10":"first","11":"onbackorder","12":"taxable","13":"shipping-taxable","14":"purchasable","15":"product-type-simple"},"_links":{"self":[{"href":"https:\/\/im-diamond.com\/en\/wp-json\/wp\/v2\/product\/172202","targetHints":{"allow":["GET"]}}],"collection":[{"href":"https:\/\/im-diamond.com\/en\/wp-json\/wp\/v2\/product"}],"about":[{"href":"https:\/\/im-diamond.com\/en\/wp-json\/wp\/v2\/types\/product"}],"wp:featuredmedia":[{"embeddable":true,"href":"https:\/\/im-diamond.com\/en\/wp-json\/wp\/v2\/media\/172206"}],"wp:attachment":[{"href":"https:\/\/im-diamond.com\/en\/wp-json\/wp\/v2\/media?parent=172202"}],"wp:term":[{"taxonomy":"product_brand","embeddable":true,"href":"https:\/\/im-diamond.com\/en\/wp-json\/wp\/v2\/product_brand?post=172202"},{"taxonomy":"product_cat","embeddable":true,"href":"https:\/\/im-diamond.com\/en\/wp-json\/wp\/v2\/product_cat?post=172202"},{"taxonomy":"product_tag","embeddable":true,"href":"https:\/\/im-diamond.com\/en\/wp-json\/wp\/v2\/product_tag?post=172202"}],"curies":[{"name":"wp","href":"https:\/\/api.w.org\/{rel}","templated":true}]}}