{"id":172370,"date":"2025-01-25T15:35:24","date_gmt":"2025-01-25T12:35:24","guid":{"rendered":"https:\/\/im-diamond.com\/?post_type=product&#038;p=172370"},"modified":"2026-01-30T00:51:03","modified_gmt":"2026-01-29T21:51:03","slug":"outlet-pirlanta-010-ct-tektas-kupe-2","status":"publish","type":"product","link":"https:\/\/im-diamond.com\/en\/product\/outlet-pirlanta-010-ct-tektas-kupe-2\/","title":{"rendered":"P\u0131rlanta 0,10 Ct Tekta\u015f K\u00fcpe"},"content":{"rendered":"","protected":false},"excerpt":{"rendered":"","protected":false},"featured_media":172373,"template":"","meta":{"neve_meta_sidebar":"","neve_meta_container":"","neve_meta_enable_content_width":"off","neve_meta_content_width":100,"neve_meta_title_alignment":"","neve_meta_author_avatar":"","neve_post_elements_order":"","neve_meta_disable_header":"","neve_meta_disable_footer":"","neve_meta_disable_title":"","neve_meta_reading_time":"","_themeisle_gutenberg_block_has_review":false,"wds_primary_product_brand":0,"wds_primary_product_cat":0},"product_brand":[],"product_cat":[2364,499,503],"product_tag":[],"class_list":{"0":"post-172370","1":"product","2":"type-product","3":"status-publish","4":"has-post-thumbnail","6":"product_cat-tektas-kupeler","7":"product_cat-pirlanta","8":"product_cat-pirlanta-kupeler","10":"first","11":"onbackorder","12":"taxable","13":"shipping-taxable","14":"purchasable","15":"product-type-simple"},"_links":{"self":[{"href":"https:\/\/im-diamond.com\/en\/wp-json\/wp\/v2\/product\/172370","targetHints":{"allow":["GET"]}}],"collection":[{"href":"https:\/\/im-diamond.com\/en\/wp-json\/wp\/v2\/product"}],"about":[{"href":"https:\/\/im-diamond.com\/en\/wp-json\/wp\/v2\/types\/product"}],"wp:featuredmedia":[{"embeddable":true,"href":"https:\/\/im-diamond.com\/en\/wp-json\/wp\/v2\/media\/172373"}],"wp:attachment":[{"href":"https:\/\/im-diamond.com\/en\/wp-json\/wp\/v2\/media?parent=172370"}],"wp:term":[{"taxonomy":"product_brand","embeddable":true,"href":"https:\/\/im-diamond.com\/en\/wp-json\/wp\/v2\/product_brand?post=172370"},{"taxonomy":"product_cat","embeddable":true,"href":"https:\/\/im-diamond.com\/en\/wp-json\/wp\/v2\/product_cat?post=172370"},{"taxonomy":"product_tag","embeddable":true,"href":"https:\/\/im-diamond.com\/en\/wp-json\/wp\/v2\/product_tag?post=172370"}],"curies":[{"name":"wp","href":"https:\/\/api.w.org\/{rel}","templated":true}]}}