{"id":175389,"date":"2025-09-03T10:05:11","date_gmt":"2025-09-03T07:05:11","guid":{"rendered":"https:\/\/im-diamond.com\/?post_type=product&#038;p=175389"},"modified":"2026-03-24T23:46:50","modified_gmt":"2026-03-24T20:46:50","slug":"outlet-pirlanta-092-ct-capraz-tirnak-yarimtur","status":"publish","type":"product","link":"https:\/\/im-diamond.com\/en\/product\/outlet-pirlanta-092-ct-capraz-tirnak-yarimtur\/","title":{"rendered":"P\u0131rlanta 0,92 Ct \u00c7apraz T\u0131rnak Yar\u0131mtur"},"content":{"rendered":"","protected":false},"excerpt":{"rendered":"<p><a href=\"https:\/\/www.instagram.com\/p\/DOGe4_djEdE\/\">Instagram&#8217;da G\u00f6r\u00fcnt\u00fcleyin<\/a><\/p>\n","protected":false},"featured_media":175392,"template":"","meta":{"neve_meta_sidebar":"","neve_meta_container":"","neve_meta_enable_content_width":"off","neve_meta_content_width":100,"neve_meta_title_alignment":"","neve_meta_author_avatar":"","neve_post_elements_order":"","neve_meta_disable_header":"","neve_meta_disable_footer":"","neve_meta_disable_title":"","neve_meta_reading_time":"","_themeisle_gutenberg_block_has_review":false,"wds_primary_product_brand":0,"wds_primary_product_cat":0},"product_brand":[],"product_cat":[1044,1048,1060],"product_tag":[],"class_list":{"0":"post-175389","1":"product","2":"type-product","3":"status-publish","4":"has-post-thumbnail","6":"product_cat-outlet-diamond","7":"product_cat-outlet-rings","8":"product_cat-outlet-eternity","10":"first","11":"onbackorder","12":"taxable","13":"shipping-taxable","14":"purchasable","15":"product-type-simple"},"_links":{"self":[{"href":"https:\/\/im-diamond.com\/en\/wp-json\/wp\/v2\/product\/175389","targetHints":{"allow":["GET"]}}],"collection":[{"href":"https:\/\/im-diamond.com\/en\/wp-json\/wp\/v2\/product"}],"about":[{"href":"https:\/\/im-diamond.com\/en\/wp-json\/wp\/v2\/types\/product"}],"wp:featuredmedia":[{"embeddable":true,"href":"https:\/\/im-diamond.com\/en\/wp-json\/wp\/v2\/media\/175392"}],"wp:attachment":[{"href":"https:\/\/im-diamond.com\/en\/wp-json\/wp\/v2\/media?parent=175389"}],"wp:term":[{"taxonomy":"product_brand","embeddable":true,"href":"https:\/\/im-diamond.com\/en\/wp-json\/wp\/v2\/product_brand?post=175389"},{"taxonomy":"product_cat","embeddable":true,"href":"https:\/\/im-diamond.com\/en\/wp-json\/wp\/v2\/product_cat?post=175389"},{"taxonomy":"product_tag","embeddable":true,"href":"https:\/\/im-diamond.com\/en\/wp-json\/wp\/v2\/product_tag?post=175389"}],"curies":[{"name":"wp","href":"https:\/\/api.w.org\/{rel}","templated":true}]}}