{"id":177054,"date":"2025-12-30T10:17:28","date_gmt":"2025-12-30T07:17:28","guid":{"rendered":"https:\/\/im-diamond.com\/?post_type=product&#038;p=177054"},"modified":"2026-01-29T23:03:18","modified_gmt":"2026-01-29T20:03:18","slug":"outlet-pirlanta-047-ct-kupe-2","status":"publish","type":"product","link":"https:\/\/im-diamond.com\/en\/product\/outlet-pirlanta-047-ct-kupe-2\/","title":{"rendered":"P\u0131rlanta 0,47 Ct K\u00fcpe"},"content":{"rendered":"","protected":false},"excerpt":{"rendered":"<p><a href=\"https:\/\/www.instagram.com\/p\/DS12q9UjHU6\/\">Instagram&#8217;da G\u00f6r\u00fcnt\u00fcleyin<\/a><\/p>\n","protected":false},"featured_media":177055,"template":"","meta":{"neve_meta_sidebar":"","neve_meta_container":"","neve_meta_enable_content_width":"off","neve_meta_content_width":100,"neve_meta_title_alignment":"","neve_meta_author_avatar":"","neve_post_elements_order":"","neve_meta_disable_header":"","neve_meta_disable_footer":"","neve_meta_disable_title":"","neve_meta_reading_time":"","_themeisle_gutenberg_block_has_review":false,"wds_primary_product_brand":0,"wds_primary_product_cat":0},"product_brand":[],"product_cat":[2204,499,503],"product_tag":[],"class_list":{"0":"post-177054","1":"product","2":"type-product","3":"status-publish","4":"has-post-thumbnail","6":"product_cat-fantezi-kupeler","7":"product_cat-pirlanta","8":"product_cat-pirlanta-kupeler","10":"first","11":"instock","12":"taxable","13":"shipping-taxable","14":"purchasable","15":"product-type-simple"},"_links":{"self":[{"href":"https:\/\/im-diamond.com\/en\/wp-json\/wp\/v2\/product\/177054","targetHints":{"allow":["GET"]}}],"collection":[{"href":"https:\/\/im-diamond.com\/en\/wp-json\/wp\/v2\/product"}],"about":[{"href":"https:\/\/im-diamond.com\/en\/wp-json\/wp\/v2\/types\/product"}],"wp:featuredmedia":[{"embeddable":true,"href":"https:\/\/im-diamond.com\/en\/wp-json\/wp\/v2\/media\/177055"}],"wp:attachment":[{"href":"https:\/\/im-diamond.com\/en\/wp-json\/wp\/v2\/media?parent=177054"}],"wp:term":[{"taxonomy":"product_brand","embeddable":true,"href":"https:\/\/im-diamond.com\/en\/wp-json\/wp\/v2\/product_brand?post=177054"},{"taxonomy":"product_cat","embeddable":true,"href":"https:\/\/im-diamond.com\/en\/wp-json\/wp\/v2\/product_cat?post=177054"},{"taxonomy":"product_tag","embeddable":true,"href":"https:\/\/im-diamond.com\/en\/wp-json\/wp\/v2\/product_tag?post=177054"}],"curies":[{"name":"wp","href":"https:\/\/api.w.org\/{rel}","templated":true}]}}