{"id":177938,"date":"2026-02-14T10:33:34","date_gmt":"2026-02-14T07:33:34","guid":{"rendered":"https:\/\/im-diamond.com\/?post_type=product&#038;p=177938"},"modified":"2026-02-14T10:36:43","modified_gmt":"2026-02-14T07:36:43","slug":"pirlanta-156-ct-kolye-kupe-set","status":"publish","type":"product","link":"https:\/\/im-diamond.com\/en\/product\/pirlanta-156-ct-kolye-kupe-set\/","title":{"rendered":"P\u0131rlanta 1,56 Ct Kolye &amp; K\u00fcpe Set"},"content":{"rendered":"","protected":false},"excerpt":{"rendered":"<p><a href=\"https:\/\/www.instagram.com\/p\/DUpwSAoDBM9\/\">Instagram&#8217;da G\u00f6r\u00fcnt\u00fcleyin<\/a><\/p>\n","protected":false},"featured_media":177973,"template":"","meta":{"neve_meta_sidebar":"","neve_meta_container":"","neve_meta_enable_content_width":"off","neve_meta_content_width":100,"neve_meta_title_alignment":"","neve_meta_author_avatar":"","neve_post_elements_order":"","neve_meta_disable_header":"","neve_meta_disable_footer":"","neve_meta_disable_title":"","neve_meta_reading_time":"","_themeisle_gutenberg_block_has_review":false,"wds_primary_product_brand":0,"wds_primary_product_cat":0},"product_brand":[],"product_cat":[499,4020],"product_tag":[],"class_list":{"0":"post-177938","1":"product","2":"type-product","3":"status-publish","4":"has-post-thumbnail","6":"product_cat-pirlanta","7":"product_cat-pirlanta-setler","9":"first","10":"instock","11":"taxable","12":"shipping-taxable","13":"purchasable","14":"product-type-simple"},"_links":{"self":[{"href":"https:\/\/im-diamond.com\/en\/wp-json\/wp\/v2\/product\/177938","targetHints":{"allow":["GET"]}}],"collection":[{"href":"https:\/\/im-diamond.com\/en\/wp-json\/wp\/v2\/product"}],"about":[{"href":"https:\/\/im-diamond.com\/en\/wp-json\/wp\/v2\/types\/product"}],"wp:featuredmedia":[{"embeddable":true,"href":"https:\/\/im-diamond.com\/en\/wp-json\/wp\/v2\/media\/177973"}],"wp:attachment":[{"href":"https:\/\/im-diamond.com\/en\/wp-json\/wp\/v2\/media?parent=177938"}],"wp:term":[{"taxonomy":"product_brand","embeddable":true,"href":"https:\/\/im-diamond.com\/en\/wp-json\/wp\/v2\/product_brand?post=177938"},{"taxonomy":"product_cat","embeddable":true,"href":"https:\/\/im-diamond.com\/en\/wp-json\/wp\/v2\/product_cat?post=177938"},{"taxonomy":"product_tag","embeddable":true,"href":"https:\/\/im-diamond.com\/en\/wp-json\/wp\/v2\/product_tag?post=177938"}],"curies":[{"name":"wp","href":"https:\/\/api.w.org\/{rel}","templated":true}]}}