{"id":178039,"date":"2026-02-20T09:44:54","date_gmt":"2026-02-20T06:44:54","guid":{"rendered":"https:\/\/im-diamond.com\/?post_type=product&#038;p=178039"},"modified":"2026-03-16T23:53:17","modified_gmt":"2026-03-16T20:53:17","slug":"pirlanta-202-ct-gia-sertifikali-bestas-yuzuk","status":"publish","type":"product","link":"https:\/\/im-diamond.com\/en\/product\/pirlanta-202-ct-gia-sertifikali-bestas-yuzuk\/","title":{"rendered":"P\u0131rlanta 2,02 Ct GIA Sertifikal\u0131 Be\u015fta\u015f Y\u00fcz\u00fck"},"content":{"rendered":"","protected":false},"excerpt":{"rendered":"<p><a href=\"https:\/\/www.instagram.com\/p\/DU5Z6CCjIB6\/\">Instagram&#8217;da G\u00f6r\u00fcnt\u00fcleyin<\/a><\/p>\n","protected":false},"featured_media":178047,"template":"","meta":{"neve_meta_sidebar":"","neve_meta_container":"","neve_meta_enable_content_width":"off","neve_meta_content_width":100,"neve_meta_title_alignment":"","neve_meta_author_avatar":"","neve_post_elements_order":"","neve_meta_disable_header":"","neve_meta_disable_footer":"","neve_meta_disable_title":"","neve_meta_reading_time":"","_themeisle_gutenberg_block_has_review":false,"wds_primary_product_brand":0,"wds_primary_product_cat":0},"product_brand":[],"product_cat":[512,499,501],"product_tag":[],"class_list":{"0":"post-178039","1":"product","2":"type-product","3":"status-publish","4":"has-post-thumbnail","6":"product_cat-bestas-yuzukler","7":"product_cat-pirlanta","8":"product_cat-pirlanta-yuzukler","9":"pa_sertifika-laboratuvari-gia","11":"first","12":"instock","13":"taxable","14":"shipping-taxable","15":"purchasable","16":"product-type-simple"},"_links":{"self":[{"href":"https:\/\/im-diamond.com\/en\/wp-json\/wp\/v2\/product\/178039","targetHints":{"allow":["GET"]}}],"collection":[{"href":"https:\/\/im-diamond.com\/en\/wp-json\/wp\/v2\/product"}],"about":[{"href":"https:\/\/im-diamond.com\/en\/wp-json\/wp\/v2\/types\/product"}],"wp:featuredmedia":[{"embeddable":true,"href":"https:\/\/im-diamond.com\/en\/wp-json\/wp\/v2\/media\/178047"}],"wp:attachment":[{"href":"https:\/\/im-diamond.com\/en\/wp-json\/wp\/v2\/media?parent=178039"}],"wp:term":[{"taxonomy":"product_brand","embeddable":true,"href":"https:\/\/im-diamond.com\/en\/wp-json\/wp\/v2\/product_brand?post=178039"},{"taxonomy":"product_cat","embeddable":true,"href":"https:\/\/im-diamond.com\/en\/wp-json\/wp\/v2\/product_cat?post=178039"},{"taxonomy":"product_tag","embeddable":true,"href":"https:\/\/im-diamond.com\/en\/wp-json\/wp\/v2\/product_tag?post=178039"}],"curies":[{"name":"wp","href":"https:\/\/api.w.org\/{rel}","templated":true}]}}