{"id":178321,"date":"2026-03-07T09:23:06","date_gmt":"2026-03-07T06:23:06","guid":{"rendered":"https:\/\/im-diamond.com\/?post_type=product&#038;p=178321"},"modified":"2026-04-08T20:35:13","modified_gmt":"2026-04-08T17:35:13","slug":"pirlanta-178-ct-hrd-sertifikali-yarimtur-yuzuk","status":"publish","type":"product","link":"https:\/\/im-diamond.com\/en\/product\/pirlanta-178-ct-hrd-sertifikali-yarimtur-yuzuk\/","title":{"rendered":"P\u0131rlanta 1,78 Ct HRD Sertifikal\u0131 Yar\u0131mtur Y\u00fcz\u00fck"},"content":{"rendered":"","protected":false},"excerpt":{"rendered":"<p><a href=\"https:\/\/www.instagram.com\/p\/DViXTgmDOAe\/\">Instagram&#8217;da G\u00f6r\u00fcnt\u00fcleyin<\/a><\/p>\n","protected":false},"featured_media":178322,"template":"","meta":{"neve_meta_sidebar":"","neve_meta_container":"","neve_meta_enable_content_width":"off","neve_meta_content_width":100,"neve_meta_title_alignment":"","neve_meta_author_avatar":"","neve_post_elements_order":"","neve_meta_disable_header":"","neve_meta_disable_footer":"","neve_meta_disable_title":"","neve_meta_reading_time":"","_themeisle_gutenberg_block_has_review":false,"wds_primary_product_brand":0,"wds_primary_product_cat":0},"product_brand":[],"product_cat":[1060,1044,1048],"product_tag":[],"class_list":{"0":"post-178321","1":"product","2":"type-product","3":"status-publish","4":"has-post-thumbnail","6":"product_cat-outlet-eternity","7":"product_cat-outlet-diamond","8":"product_cat-outlet-rings","9":"pa_sertifika-laboratuvari-hrd","11":"first","12":"onbackorder","13":"taxable","14":"shipping-taxable","15":"purchasable","16":"product-type-simple"},"_links":{"self":[{"href":"https:\/\/im-diamond.com\/en\/wp-json\/wp\/v2\/product\/178321","targetHints":{"allow":["GET"]}}],"collection":[{"href":"https:\/\/im-diamond.com\/en\/wp-json\/wp\/v2\/product"}],"about":[{"href":"https:\/\/im-diamond.com\/en\/wp-json\/wp\/v2\/types\/product"}],"wp:featuredmedia":[{"embeddable":true,"href":"https:\/\/im-diamond.com\/en\/wp-json\/wp\/v2\/media\/178322"}],"wp:attachment":[{"href":"https:\/\/im-diamond.com\/en\/wp-json\/wp\/v2\/media?parent=178321"}],"wp:term":[{"taxonomy":"product_brand","embeddable":true,"href":"https:\/\/im-diamond.com\/en\/wp-json\/wp\/v2\/product_brand?post=178321"},{"taxonomy":"product_cat","embeddable":true,"href":"https:\/\/im-diamond.com\/en\/wp-json\/wp\/v2\/product_cat?post=178321"},{"taxonomy":"product_tag","embeddable":true,"href":"https:\/\/im-diamond.com\/en\/wp-json\/wp\/v2\/product_tag?post=178321"}],"curies":[{"name":"wp","href":"https:\/\/api.w.org\/{rel}","templated":true}]}}