{"id":178405,"date":"2026-03-13T09:46:16","date_gmt":"2026-03-13T06:46:16","guid":{"rendered":"https:\/\/im-diamond.com\/?post_type=product&#038;p=178405"},"modified":"2026-03-26T00:13:40","modified_gmt":"2026-03-25T21:13:40","slug":"pirlanta-542-ct-pirlanta-zumrut-yuzuk","status":"publish","type":"product","link":"https:\/\/im-diamond.com\/en\/product\/pirlanta-542-ct-pirlanta-zumrut-yuzuk\/","title":{"rendered":"P\u0131rlanta 5,42 Ct P\u0131rlanta &amp; Z\u00fcmr\u00fct Y\u00fcz\u00fck"},"content":{"rendered":"","protected":false},"excerpt":{"rendered":"<p><a href=\"https:\/\/www.instagram.com\/p\/DVvdE8HDB5Y\/\">Instagram&#8217;da G\u00f6r\u00fcnt\u00fcleyin<\/a><\/p>\n","protected":false},"featured_media":178406,"template":"","meta":{"neve_meta_sidebar":"","neve_meta_container":"","neve_meta_enable_content_width":"off","neve_meta_content_width":100,"neve_meta_title_alignment":"","neve_meta_author_avatar":"","neve_post_elements_order":"","neve_meta_disable_header":"","neve_meta_disable_footer":"","neve_meta_disable_title":"","neve_meta_reading_time":"","_themeisle_gutenberg_block_has_review":false,"wds_primary_product_brand":0,"wds_primary_product_cat":0},"product_brand":[],"product_cat":[1156,499,501],"product_tag":[],"class_list":{"0":"post-178405","1":"product","2":"type-product","3":"status-publish","4":"has-post-thumbnail","6":"product_cat-fantezi-yuzukler","7":"product_cat-pirlanta","8":"product_cat-pirlanta-yuzukler","10":"first","11":"onbackorder","12":"taxable","13":"shipping-taxable","14":"purchasable","15":"product-type-simple"},"_links":{"self":[{"href":"https:\/\/im-diamond.com\/en\/wp-json\/wp\/v2\/product\/178405","targetHints":{"allow":["GET"]}}],"collection":[{"href":"https:\/\/im-diamond.com\/en\/wp-json\/wp\/v2\/product"}],"about":[{"href":"https:\/\/im-diamond.com\/en\/wp-json\/wp\/v2\/types\/product"}],"wp:featuredmedia":[{"embeddable":true,"href":"https:\/\/im-diamond.com\/en\/wp-json\/wp\/v2\/media\/178406"}],"wp:attachment":[{"href":"https:\/\/im-diamond.com\/en\/wp-json\/wp\/v2\/media?parent=178405"}],"wp:term":[{"taxonomy":"product_brand","embeddable":true,"href":"https:\/\/im-diamond.com\/en\/wp-json\/wp\/v2\/product_brand?post=178405"},{"taxonomy":"product_cat","embeddable":true,"href":"https:\/\/im-diamond.com\/en\/wp-json\/wp\/v2\/product_cat?post=178405"},{"taxonomy":"product_tag","embeddable":true,"href":"https:\/\/im-diamond.com\/en\/wp-json\/wp\/v2\/product_tag?post=178405"}],"curies":[{"name":"wp","href":"https:\/\/api.w.org\/{rel}","templated":true}]}}