{"id":178476,"date":"2026-03-17T10:04:42","date_gmt":"2026-03-17T07:04:42","guid":{"rendered":"https:\/\/im-diamond.com\/?post_type=product&#038;p=178476"},"modified":"2026-03-17T10:04:46","modified_gmt":"2026-03-17T07:04:46","slug":"pirlanta-907-ct-tel-tirnak-suyolu-gerdanlik","status":"publish","type":"product","link":"https:\/\/im-diamond.com\/en\/product\/pirlanta-907-ct-tel-tirnak-suyolu-gerdanlik\/","title":{"rendered":"P\u0131rlanta 9,07 Ct Tel T\u0131rnak Suyolu Gerdanl\u0131k"},"content":{"rendered":"","protected":false},"excerpt":{"rendered":"<p><a href=\"https:\/\/www.instagram.com\/p\/DV8qaXoDNgM\/\">Instagram&#8217;da G\u00f6r\u00fcnt\u00fcleyin<\/a><\/p>\n","protected":false},"featured_media":178479,"template":"","meta":{"neve_meta_sidebar":"","neve_meta_container":"","neve_meta_enable_content_width":"off","neve_meta_content_width":100,"neve_meta_title_alignment":"","neve_meta_author_avatar":"","neve_post_elements_order":"","neve_meta_disable_header":"","neve_meta_disable_footer":"","neve_meta_disable_title":"","neve_meta_reading_time":"","_themeisle_gutenberg_block_has_review":false,"wds_primary_product_brand":0,"wds_primary_product_cat":0},"product_brand":[],"product_cat":[3865,499,502],"product_tag":[],"class_list":{"0":"post-178476","1":"product","2":"type-product","3":"status-publish","4":"has-post-thumbnail","6":"product_cat-gerdanliklar","7":"product_cat-pirlanta","8":"product_cat-pirlanta-kolyeler","10":"first","11":"instock","12":"taxable","13":"shipping-taxable","14":"purchasable","15":"product-type-simple"},"_links":{"self":[{"href":"https:\/\/im-diamond.com\/en\/wp-json\/wp\/v2\/product\/178476","targetHints":{"allow":["GET"]}}],"collection":[{"href":"https:\/\/im-diamond.com\/en\/wp-json\/wp\/v2\/product"}],"about":[{"href":"https:\/\/im-diamond.com\/en\/wp-json\/wp\/v2\/types\/product"}],"wp:featuredmedia":[{"embeddable":true,"href":"https:\/\/im-diamond.com\/en\/wp-json\/wp\/v2\/media\/178479"}],"wp:attachment":[{"href":"https:\/\/im-diamond.com\/en\/wp-json\/wp\/v2\/media?parent=178476"}],"wp:term":[{"taxonomy":"product_brand","embeddable":true,"href":"https:\/\/im-diamond.com\/en\/wp-json\/wp\/v2\/product_brand?post=178476"},{"taxonomy":"product_cat","embeddable":true,"href":"https:\/\/im-diamond.com\/en\/wp-json\/wp\/v2\/product_cat?post=178476"},{"taxonomy":"product_tag","embeddable":true,"href":"https:\/\/im-diamond.com\/en\/wp-json\/wp\/v2\/product_tag?post=178476"}],"curies":[{"name":"wp","href":"https:\/\/api.w.org\/{rel}","templated":true}]}}